{"id":914,"date":"2018-02-14T08:12:43","date_gmt":"2018-02-14T08:12:43","guid":{"rendered":"https:\/\/atixscripts.info\/demo\/minimag\/?page_id=914"},"modified":"2022-04-13T13:13:37","modified_gmt":"2022-04-13T13:13:37","slug":"page-with-page-full-header","status":"publish","type":"page","link":"https:\/\/times.cd\/index.php\/page-with-page-full-header\/","title":{"rendered":"Page with Page Full Header"},"content":{"rendered":"<p>[vc_row type=\u00a0\u00bbcontainer\u00a0\u00bb][vc_column width=\u00a0\u00bb2\/3&Prime;]\t\t<!-- Page Content -->\r\n\t\t<div class=\"container-fluid no-left-padding no-right-padding blog-paralle-post post-layout-one\">\r\n\t\t\t<!-- Container -->\r\n\t\t\t<div class=\"container no-padding\">\r\n\t\t\t\t<!-- Row -->\r\n\t\t\t\t<div class=\"row\">\r\n\t\t\t\t\t\t\t\t\t\t\t<div class=\"col-12 col-md-12 col-sm-6 blog-paralle\">\r\n\t\t\t\t\t\t\t<div class=\"post-11561 post type-post status-publish format-standard has-post-thumbnail hentry category-politique\">\r\n\t\t\t\t\t\t\t\t\t\t\t\t\t\t\t\t\t\t<div class=\"entry-cover\">\r\n\t\t\t\t\t\t\t\t\t\t\t<div class=\"post-meta\">\r\n\t\t\t\t\t\t\t\t\t\t\t\t<span class=\"byline\">by\t\t\t\t\t\t\t\t\t\t\t\t\t<a href=\"https:\/\/times.cd\/index.php\/author\/times_cd\/\" title=\"times_cd\">times_cd<\/a>\r\n\t\t\t\t\t\t\t\t\t\t\t\t<\/span>\r\n\t\t\t\t\t\t\t\t\t\t\t\t<span class=\"post-date\">\r\n\t\t\t\t\t\t\t\t\t\t\t\t\t<a href=\"https:\/\/times.cd\/index.php\/2026\/05\/04\/tribune-rdc-la-puissance-du-xxie-siecle-se-joue-dans-les-corridors-alain-lubamba-expert-senior-en-gouvernance-publique-et-diplomatie-economique\/\">04\/05\/2026<\/a>\r\n\t\t\t\t\t\t\t\t\t\t\t\t<\/span>\r\n\t\t\t\t\t\t\t\t\t\t\t<\/div>\r\n\t\t\t\t\t\t\t\t\t\t\t<a href=\"https:\/\/times.cd\/index.php\/2026\/05\/04\/tribune-rdc-la-puissance-du-xxie-siecle-se-joue-dans-les-corridors-alain-lubamba-expert-senior-en-gouvernance-publique-et-diplomatie-economique\/\">\r\n\t\t\t\t\t\t\t\t\t\t\t\t<img loading=\"lazy\" decoding=\"async\" width=\"501\" height=\"375\" src=\"https:\/\/times.cd\/wp-content\/uploads\/2026\/05\/IMG-20260504-WA00931-501x375.jpg\" class=\"attachment-minimag_501_375 size-minimag_501_375 wp-post-image\" alt=\"\" \/>\t\t\t\t\t\t\t\t\t\t\t<\/a>\r\n\t\t\t\t\t\t\t\t\t\t<\/div>\r\n\t\t\t\t\t\t\t\t\t\t\t\t\t\t\t\t\t\t<div class=\"entry-content\">\r\n\t\t\t\t\t\t\t\t\t<div class=\"entry-header\">\t\r\n\t\t\t\t\t\t\t\t\t\t\t\t\t\t\t\t\t\t\t\t\t<span class=\"post-category\">\r\n\t\t\t\t\t\t\t\t\t\t\t\t<a href=\"https:\/\/times.cd\/index.php\/category\/politique\/\" rel=\"category tag\">politique<\/a>\t\t\t\t\t\t\t\t\t\t\t<\/span>\r\n\t\t\t\t\t\t\t\t\t\t\t\t\t\t\t\t\t\t\t\t\t<h3 class=\"entry-title\">\r\n\t\t\t\t\t\t\t\t\t\t\t<a href=\"https:\/\/times.cd\/index.php\/2026\/05\/04\/tribune-rdc-la-puissance-du-xxie-siecle-se-joue-dans-les-corridors-alain-lubamba-expert-senior-en-gouvernance-publique-et-diplomatie-economique\/\" title=\"Tribune-RDC : La puissance du XXIe si\u00e8cle se joue dans les corridors (Alain Lubamba Expert Senior en Gouvernance Publique et Diplomatie \u00e9conomique)\">Tribune-RDC : La puissance du XXIe si\u00e8cle se joue dans les corridors (Alain Lubamba Expert Senior en Gouvernance Publique et Diplomatie \u00e9conomique)<\/a>\r\n\t\t\t\t\t\t\t\t\t\t<\/h3>\r\n\t\t\t\t\t\t\t\t\t<\/div>\t\t\t\t\t\t\t\t\r\n\t\t\t\t\t\t\t\t\t<p>Entre rivalit\u00e9s g\u00e9opolitiques et recomposition des cha\u00eenes d\u2019approvisionnement, Kinshasa joue une partie d\u00e9cisive : celle de la souverainet\u00e9 \u00e9conomique.\n\n\n\nUne puissance Min\u00e9rales au c\u0153ur des tensions Mondiales\n\n\n\nLa transition \u00e9nerg\u00e9tique mondiale ne se contente pas de transformer ...<\/p>\r\n\t\t\t\t\t\t\t\t\t<a href=\"https:\/\/times.cd\/index.php\/2026\/05\/04\/tribune-rdc-la-puissance-du-xxie-siecle-se-joue-dans-les-corridors-alain-lubamba-expert-senior-en-gouvernance-publique-et-diplomatie-economique\/\" title=\"Read More\">\r\n\t\t\t\t\t\t\t\t\t\tRead More\t\t\t\t\t\t\t\t\t<\/a>\r\n\t\t\t\t\t\t\t\t<\/div>\r\n\t\t\t\t\t\t\t<\/div>\r\n\t\t\t\t\t\t<\/div>\r\n\t\t\t\t\t\t\t\t\t\t\t\t<div class=\"col-12 col-md-12 col-sm-6 blog-paralle\">\r\n\t\t\t\t\t\t\t<div class=\"post-11556 post type-post status-publish format-standard has-post-thumbnail hentry category-economie\">\r\n\t\t\t\t\t\t\t\t\t\t\t\t\t\t\t\t\t\t<div class=\"entry-cover\">\r\n\t\t\t\t\t\t\t\t\t\t\t<div class=\"post-meta\">\r\n\t\t\t\t\t\t\t\t\t\t\t\t<span class=\"byline\">by\t\t\t\t\t\t\t\t\t\t\t\t\t<a href=\"https:\/\/times.cd\/index.php\/author\/times_cd\/\" title=\"times_cd\">times_cd<\/a>\r\n\t\t\t\t\t\t\t\t\t\t\t\t<\/span>\r\n\t\t\t\t\t\t\t\t\t\t\t\t<span class=\"post-date\">\r\n\t\t\t\t\t\t\t\t\t\t\t\t\t<a href=\"https:\/\/times.cd\/index.php\/2026\/05\/02\/1er-mai-bertin-sango-salue-les-efforts-du-ministre-massamba-wa-massamba-pour-lapplication-du-smig-conformement-aux-orientations-du-president-tshisekedi\/\">02\/05\/2026<\/a>\r\n\t\t\t\t\t\t\t\t\t\t\t\t<\/span>\r\n\t\t\t\t\t\t\t\t\t\t\t<\/div>\r\n\t\t\t\t\t\t\t\t\t\t\t<a href=\"https:\/\/times.cd\/index.php\/2026\/05\/02\/1er-mai-bertin-sango-salue-les-efforts-du-ministre-massamba-wa-massamba-pour-lapplication-du-smig-conformement-aux-orientations-du-president-tshisekedi\/\">\r\n\t\t\t\t\t\t\t\t\t\t\t\t<img loading=\"lazy\" decoding=\"async\" width=\"501\" height=\"375\" src=\"https:\/\/times.cd\/wp-content\/uploads\/2026\/05\/FB_IMG_1777727779935-501x375.jpg\" class=\"attachment-minimag_501_375 size-minimag_501_375 wp-post-image\" alt=\"\" \/>\t\t\t\t\t\t\t\t\t\t\t<\/a>\r\n\t\t\t\t\t\t\t\t\t\t<\/div>\r\n\t\t\t\t\t\t\t\t\t\t\t\t\t\t\t\t\t\t<div class=\"entry-content\">\r\n\t\t\t\t\t\t\t\t\t<div class=\"entry-header\">\t\r\n\t\t\t\t\t\t\t\t\t\t\t\t\t\t\t\t\t\t\t\t\t<span class=\"post-category\">\r\n\t\t\t\t\t\t\t\t\t\t\t\t<a href=\"https:\/\/times.cd\/index.php\/category\/economie\/\" rel=\"category tag\">\u00e9conomie<\/a>\t\t\t\t\t\t\t\t\t\t\t<\/span>\r\n\t\t\t\t\t\t\t\t\t\t\t\t\t\t\t\t\t\t\t\t\t<h3 class=\"entry-title\">\r\n\t\t\t\t\t\t\t\t\t\t\t<a href=\"https:\/\/times.cd\/index.php\/2026\/05\/02\/1er-mai-bertin-sango-salue-les-efforts-du-ministre-massamba-wa-massamba-pour-lapplication-du-smig-conformement-aux-orientations-du-president-tshisekedi\/\" title=\"1er Mai : Bertin Sango salue les efforts du ministre Massamba wa Massamba pour l\u2019application du SMIG conform\u00e9ment aux orientations du pr\u00e9sident Tshisekedi\">1er Mai : Bertin Sango salue les efforts du ministre Massamba wa Massamba pour l\u2019application du SMIG conform\u00e9ment aux orientations du pr\u00e9sident Tshisekedi<\/a>\r\n\t\t\t\t\t\t\t\t\t\t<\/h3>\r\n\t\t\t\t\t\t\t\t\t<\/div>\t\t\t\t\t\t\t\t\r\n\t\t\t\t\t\t\t\t\t<p>La Journ\u00e9e internationale du travail a \u00e9t\u00e9 c\u00e9l\u00e9br\u00e9e ce vendredi 1er mai 2026 \u00e0 Kinshasa, dans un contexte marqu\u00e9 \u00e0 la fois par des revendications sociales et un appel \u00e0 la coh\u00e9sion nationale. Plac\u00e9e sous ...<\/p>\r\n\t\t\t\t\t\t\t\t\t<a href=\"https:\/\/times.cd\/index.php\/2026\/05\/02\/1er-mai-bertin-sango-salue-les-efforts-du-ministre-massamba-wa-massamba-pour-lapplication-du-smig-conformement-aux-orientations-du-president-tshisekedi\/\" title=\"Read More\">\r\n\t\t\t\t\t\t\t\t\t\tRead More\t\t\t\t\t\t\t\t\t<\/a>\r\n\t\t\t\t\t\t\t\t<\/div>\r\n\t\t\t\t\t\t\t<\/div>\r\n\t\t\t\t\t\t<\/div>\r\n\t\t\t\t\t\t\t\t\t\t\t\t<div class=\"col-12 col-md-12 col-sm-6 blog-paralle\">\r\n\t\t\t\t\t\t\t<div class=\"post-11552 post type-post status-publish format-standard has-post-thumbnail hentry category-politique\">\r\n\t\t\t\t\t\t\t\t\t\t\t\t\t\t\t\t\t\t<div class=\"entry-cover\">\r\n\t\t\t\t\t\t\t\t\t\t\t<div class=\"post-meta\">\r\n\t\t\t\t\t\t\t\t\t\t\t\t<span class=\"byline\">by\t\t\t\t\t\t\t\t\t\t\t\t\t<a href=\"https:\/\/times.cd\/index.php\/author\/times_cd\/\" title=\"times_cd\">times_cd<\/a>\r\n\t\t\t\t\t\t\t\t\t\t\t\t<\/span>\r\n\t\t\t\t\t\t\t\t\t\t\t\t<span class=\"post-date\">\r\n\t\t\t\t\t\t\t\t\t\t\t\t\t<a href=\"https:\/\/times.cd\/index.php\/2026\/05\/02\/kin-les-travaux-du-projet-topetola-avancent-significativement-a-limete\/\">02\/05\/2026<\/a>\r\n\t\t\t\t\t\t\t\t\t\t\t\t<\/span>\r\n\t\t\t\t\t\t\t\t\t\t\t<\/div>\r\n\t\t\t\t\t\t\t\t\t\t\t<a href=\"https:\/\/times.cd\/index.php\/2026\/05\/02\/kin-les-travaux-du-projet-topetola-avancent-significativement-a-limete\/\">\r\n\t\t\t\t\t\t\t\t\t\t\t\t<img loading=\"lazy\" decoding=\"async\" width=\"501\" height=\"375\" src=\"https:\/\/times.cd\/wp-content\/uploads\/2026\/05\/FB_IMG_1777713328295-501x375.jpg\" class=\"attachment-minimag_501_375 size-minimag_501_375 wp-post-image\" alt=\"\" \/>\t\t\t\t\t\t\t\t\t\t\t<\/a>\r\n\t\t\t\t\t\t\t\t\t\t<\/div>\r\n\t\t\t\t\t\t\t\t\t\t\t\t\t\t\t\t\t\t<div class=\"entry-content\">\r\n\t\t\t\t\t\t\t\t\t<div class=\"entry-header\">\t\r\n\t\t\t\t\t\t\t\t\t\t\t\t\t\t\t\t\t\t\t\t\t<span class=\"post-category\">\r\n\t\t\t\t\t\t\t\t\t\t\t\t<a href=\"https:\/\/times.cd\/index.php\/category\/politique\/\" rel=\"category tag\">politique<\/a>\t\t\t\t\t\t\t\t\t\t\t<\/span>\r\n\t\t\t\t\t\t\t\t\t\t\t\t\t\t\t\t\t\t\t\t\t<h3 class=\"entry-title\">\r\n\t\t\t\t\t\t\t\t\t\t\t<a href=\"https:\/\/times.cd\/index.php\/2026\/05\/02\/kin-les-travaux-du-projet-topetola-avancent-significativement-a-limete\/\" title=\"Kin: les travaux du projet Topetola avancent significativement \u00e0 Limete\">Kin: les travaux du projet Topetola avancent significativement \u00e0 Limete<\/a>\r\n\t\t\t\t\t\t\t\t\t\t<\/h3>\r\n\t\t\t\t\t\t\t\t\t<\/div>\t\t\t\t\t\t\t\t\r\n\t\t\t\t\t\t\t\t\t<p>Les travaux r\u00e9alis\u00e9s dans le cadre du projet \u00ab Topetola \u00bb connaissent une \u00e9volution jug\u00e9e tr\u00e8s positive dans la commune de Limete, \u00e0 Kinshasa. Une mission conjointe r\u00e9unissant une d\u00e9l\u00e9gation fran\u00e7aise et des repr\u00e9sentants de ...<\/p>\r\n\t\t\t\t\t\t\t\t\t<a href=\"https:\/\/times.cd\/index.php\/2026\/05\/02\/kin-les-travaux-du-projet-topetola-avancent-significativement-a-limete\/\" title=\"Read More\">\r\n\t\t\t\t\t\t\t\t\t\tRead More\t\t\t\t\t\t\t\t\t<\/a>\r\n\t\t\t\t\t\t\t\t<\/div>\r\n\t\t\t\t\t\t\t<\/div>\r\n\t\t\t\t\t\t<\/div>\r\n\t\t\t\t\t\t\t\t\t\t\t\t<div class=\"col-12 col-md-12 col-sm-6 blog-paralle\">\r\n\t\t\t\t\t\t\t<div class=\"post-11548 post type-post status-publish format-standard has-post-thumbnail hentry category-politique\">\r\n\t\t\t\t\t\t\t\t\t\t\t\t\t\t\t\t\t\t<div class=\"entry-cover\">\r\n\t\t\t\t\t\t\t\t\t\t\t<div class=\"post-meta\">\r\n\t\t\t\t\t\t\t\t\t\t\t\t<span class=\"byline\">by\t\t\t\t\t\t\t\t\t\t\t\t\t<a href=\"https:\/\/times.cd\/index.php\/author\/times_cd\/\" title=\"times_cd\">times_cd<\/a>\r\n\t\t\t\t\t\t\t\t\t\t\t\t<\/span>\r\n\t\t\t\t\t\t\t\t\t\t\t\t<span class=\"post-date\">\r\n\t\t\t\t\t\t\t\t\t\t\t\t\t<a href=\"https:\/\/times.cd\/index.php\/2026\/05\/02\/grand-kasai-les-universites-modernes-un-investissement-conteste-par-jean-marc-kabund-mais-vite-recadre-par-labbe-blaise-kanda\/\">02\/05\/2026<\/a>\r\n\t\t\t\t\t\t\t\t\t\t\t\t<\/span>\r\n\t\t\t\t\t\t\t\t\t\t\t<\/div>\r\n\t\t\t\t\t\t\t\t\t\t\t<a href=\"https:\/\/times.cd\/index.php\/2026\/05\/02\/grand-kasai-les-universites-modernes-un-investissement-conteste-par-jean-marc-kabund-mais-vite-recadre-par-labbe-blaise-kanda\/\">\r\n\t\t\t\t\t\t\t\t\t\t\t\t<img loading=\"lazy\" decoding=\"async\" width=\"501\" height=\"375\" src=\"https:\/\/times.cd\/wp-content\/uploads\/2026\/05\/FB_IMG_1777713090972-501x375.jpg\" class=\"attachment-minimag_501_375 size-minimag_501_375 wp-post-image\" alt=\"\" \/>\t\t\t\t\t\t\t\t\t\t\t<\/a>\r\n\t\t\t\t\t\t\t\t\t\t<\/div>\r\n\t\t\t\t\t\t\t\t\t\t\t\t\t\t\t\t\t\t<div class=\"entry-content\">\r\n\t\t\t\t\t\t\t\t\t<div class=\"entry-header\">\t\r\n\t\t\t\t\t\t\t\t\t\t\t\t\t\t\t\t\t\t\t\t\t<span class=\"post-category\">\r\n\t\t\t\t\t\t\t\t\t\t\t\t<a href=\"https:\/\/times.cd\/index.php\/category\/politique\/\" rel=\"category tag\">politique<\/a>\t\t\t\t\t\t\t\t\t\t\t<\/span>\r\n\t\t\t\t\t\t\t\t\t\t\t\t\t\t\t\t\t\t\t\t\t<h3 class=\"entry-title\">\r\n\t\t\t\t\t\t\t\t\t\t\t<a href=\"https:\/\/times.cd\/index.php\/2026\/05\/02\/grand-kasai-les-universites-modernes-un-investissement-conteste-par-jean-marc-kabund-mais-vite-recadre-par-labbe-blaise-kanda\/\" title=\"Grand-Kasa\u00ef : les universit\u00e9s modernes, un investissement contest\u00e9 par Jean-Marc Kabund mais vite recadr\u00e9 par l\u2019abb\u00e9 Blaise Kanda\">Grand-Kasa\u00ef : les universit\u00e9s modernes, un investissement contest\u00e9 par Jean-Marc Kabund mais vite recadr\u00e9 par l\u2019abb\u00e9 Blaise Kanda<\/a>\r\n\t\t\t\t\t\t\t\t\t\t<\/h3>\r\n\t\t\t\t\t\t\t\t\t<\/div>\t\t\t\t\t\t\t\t\r\n\t\t\t\t\t\t\t\t\t<p>Un d\u00e9bat vif anime actuellement l\u2019opinion publique dans l\u2019espace du Grand-Kasa\u00ef autour de la pertinence des universit\u00e9s modernes r\u00e9cemment construites dans deux villes phares : Mbujimayi et Kananga.\n\n\n\n\u00c0 l\u2019origine de cette controverse, une d\u00e9claration de ...<\/p>\r\n\t\t\t\t\t\t\t\t\t<a href=\"https:\/\/times.cd\/index.php\/2026\/05\/02\/grand-kasai-les-universites-modernes-un-investissement-conteste-par-jean-marc-kabund-mais-vite-recadre-par-labbe-blaise-kanda\/\" title=\"Read More\">\r\n\t\t\t\t\t\t\t\t\t\tRead More\t\t\t\t\t\t\t\t\t<\/a>\r\n\t\t\t\t\t\t\t\t<\/div>\r\n\t\t\t\t\t\t\t<\/div>\r\n\t\t\t\t\t\t<\/div>\r\n\t\t\t\t\t\t\t\t\t\t\t\t<div class=\"col-12 col-md-12 col-sm-6 blog-paralle\">\r\n\t\t\t\t\t\t\t<div class=\"post-11545 post type-post status-publish format-standard has-post-thumbnail hentry category-economie\">\r\n\t\t\t\t\t\t\t\t\t\t\t\t\t\t\t\t\t\t<div class=\"entry-cover\">\r\n\t\t\t\t\t\t\t\t\t\t\t<div class=\"post-meta\">\r\n\t\t\t\t\t\t\t\t\t\t\t\t<span class=\"byline\">by\t\t\t\t\t\t\t\t\t\t\t\t\t<a href=\"https:\/\/times.cd\/index.php\/author\/times_cd\/\" title=\"times_cd\">times_cd<\/a>\r\n\t\t\t\t\t\t\t\t\t\t\t\t<\/span>\r\n\t\t\t\t\t\t\t\t\t\t\t\t<span class=\"post-date\">\r\n\t\t\t\t\t\t\t\t\t\t\t\t\t<a href=\"https:\/\/times.cd\/index.php\/2026\/04\/30\/egpt-doudou-fwamba-presente-une-fiscalite-moderne-capable-a-la-fois-de-remplir-les-caisses-de-letat-et-de-ne-pas-faire-fuir-les-operateurs-telecoms\/\">30\/04\/2026<\/a>\r\n\t\t\t\t\t\t\t\t\t\t\t\t<\/span>\r\n\t\t\t\t\t\t\t\t\t\t\t<\/div>\r\n\t\t\t\t\t\t\t\t\t\t\t<a href=\"https:\/\/times.cd\/index.php\/2026\/04\/30\/egpt-doudou-fwamba-presente-une-fiscalite-moderne-capable-a-la-fois-de-remplir-les-caisses-de-letat-et-de-ne-pas-faire-fuir-les-operateurs-telecoms\/\">\r\n\t\t\t\t\t\t\t\t\t\t\t\t<img loading=\"lazy\" decoding=\"async\" width=\"501\" height=\"375\" src=\"https:\/\/times.cd\/wp-content\/uploads\/2026\/04\/FB_IMG_1777562808043-501x375.jpg\" class=\"attachment-minimag_501_375 size-minimag_501_375 wp-post-image\" alt=\"\" \/>\t\t\t\t\t\t\t\t\t\t\t<\/a>\r\n\t\t\t\t\t\t\t\t\t\t<\/div>\r\n\t\t\t\t\t\t\t\t\t\t\t\t\t\t\t\t\t\t<div class=\"entry-content\">\r\n\t\t\t\t\t\t\t\t\t<div class=\"entry-header\">\t\r\n\t\t\t\t\t\t\t\t\t\t\t\t\t\t\t\t\t\t\t\t\t<span class=\"post-category\">\r\n\t\t\t\t\t\t\t\t\t\t\t\t<a href=\"https:\/\/times.cd\/index.php\/category\/economie\/\" rel=\"category tag\">\u00e9conomie<\/a>\t\t\t\t\t\t\t\t\t\t\t<\/span>\r\n\t\t\t\t\t\t\t\t\t\t\t\t\t\t\t\t\t\t\t\t\t<h3 class=\"entry-title\">\r\n\t\t\t\t\t\t\t\t\t\t\t<a href=\"https:\/\/times.cd\/index.php\/2026\/04\/30\/egpt-doudou-fwamba-presente-une-fiscalite-moderne-capable-a-la-fois-de-remplir-les-caisses-de-letat-et-de-ne-pas-faire-fuir-les-operateurs-telecoms\/\" title=\"EGPT: Doudou Fwamba pr\u00e9sente une fiscalit\u00e9 moderne, capable \u00e0 la fois de remplir les caisses de l\u2019\u00c9tat et de ne pas faire fuir les op\u00e9rateurs t\u00e9l\u00e9coms\">EGPT: Doudou Fwamba pr\u00e9sente une fiscalit\u00e9 moderne, capable \u00e0 la fois de remplir les caisses de l\u2019\u00c9tat et de ne pas faire fuir les op\u00e9rateurs t\u00e9l\u00e9coms<\/a>\r\n\t\t\t\t\t\t\t\t\t\t<\/h3>\r\n\t\t\t\t\t\t\t\t\t<\/div>\t\t\t\t\t\t\t\t\r\n\t\t\t\t\t\t\t\t\t<p>Lors des tr\u00e8s attendus \u00c9tats G\u00e9n\u00e9raux des PTNTIC, Doudou Fwamba a pr\u00e9sent\u00e9 une vision ambitieuse : une fiscalit\u00e9 moderne, capable \u00e0 la fois de remplir les caisses de l\u2019\u00c9tat et de ne pas faire fuir ...<\/p>\r\n\t\t\t\t\t\t\t\t\t<a href=\"https:\/\/times.cd\/index.php\/2026\/04\/30\/egpt-doudou-fwamba-presente-une-fiscalite-moderne-capable-a-la-fois-de-remplir-les-caisses-de-letat-et-de-ne-pas-faire-fuir-les-operateurs-telecoms\/\" title=\"Read More\">\r\n\t\t\t\t\t\t\t\t\t\tRead More\t\t\t\t\t\t\t\t\t<\/a>\r\n\t\t\t\t\t\t\t\t<\/div>\r\n\t\t\t\t\t\t\t<\/div>\r\n\t\t\t\t\t\t<\/div>\r\n\t\t\t\t\t\t\t\t\t\t\t\t<div class=\"col-12 col-md-12 col-sm-6 blog-paralle\">\r\n\t\t\t\t\t\t\t<div class=\"post-11542 post type-post status-publish format-standard has-post-thumbnail hentry category-economie\">\r\n\t\t\t\t\t\t\t\t\t\t\t\t\t\t\t\t\t\t<div class=\"entry-cover\">\r\n\t\t\t\t\t\t\t\t\t\t\t<div class=\"post-meta\">\r\n\t\t\t\t\t\t\t\t\t\t\t\t<span class=\"byline\">by\t\t\t\t\t\t\t\t\t\t\t\t\t<a href=\"https:\/\/times.cd\/index.php\/author\/times_cd\/\" title=\"times_cd\">times_cd<\/a>\r\n\t\t\t\t\t\t\t\t\t\t\t\t<\/span>\r\n\t\t\t\t\t\t\t\t\t\t\t\t<span class=\"post-date\">\r\n\t\t\t\t\t\t\t\t\t\t\t\t\t<a href=\"https:\/\/times.cd\/index.php\/2026\/04\/29\/semaine-francaise-la-rdc-peut-jouer-un-role-cle-dans-les-chaines-de-valeur-mondiales-liees-aux-energies-propresc-mutombo-representant-de-kibali-manning\/\">29\/04\/2026<\/a>\r\n\t\t\t\t\t\t\t\t\t\t\t\t<\/span>\r\n\t\t\t\t\t\t\t\t\t\t\t<\/div>\r\n\t\t\t\t\t\t\t\t\t\t\t<a href=\"https:\/\/times.cd\/index.php\/2026\/04\/29\/semaine-francaise-la-rdc-peut-jouer-un-role-cle-dans-les-chaines-de-valeur-mondiales-liees-aux-energies-propresc-mutombo-representant-de-kibali-manning\/\">\r\n\t\t\t\t\t\t\t\t\t\t\t\t<img loading=\"lazy\" decoding=\"async\" width=\"501\" height=\"375\" src=\"https:\/\/times.cd\/wp-content\/uploads\/2026\/04\/IMG-20260429-WA00911-1-501x375.jpg\" class=\"attachment-minimag_501_375 size-minimag_501_375 wp-post-image\" alt=\"\" \/>\t\t\t\t\t\t\t\t\t\t\t<\/a>\r\n\t\t\t\t\t\t\t\t\t\t<\/div>\r\n\t\t\t\t\t\t\t\t\t\t\t\t\t\t\t\t\t\t<div class=\"entry-content\">\r\n\t\t\t\t\t\t\t\t\t<div class=\"entry-header\">\t\r\n\t\t\t\t\t\t\t\t\t\t\t\t\t\t\t\t\t\t\t\t\t<span class=\"post-category\">\r\n\t\t\t\t\t\t\t\t\t\t\t\t<a href=\"https:\/\/times.cd\/index.php\/category\/economie\/\" rel=\"category tag\">\u00e9conomie<\/a>\t\t\t\t\t\t\t\t\t\t\t<\/span>\r\n\t\t\t\t\t\t\t\t\t\t\t\t\t\t\t\t\t\t\t\t\t<h3 class=\"entry-title\">\r\n\t\t\t\t\t\t\t\t\t\t\t<a href=\"https:\/\/times.cd\/index.php\/2026\/04\/29\/semaine-francaise-la-rdc-peut-jouer-un-role-cle-dans-les-chaines-de-valeur-mondiales-liees-aux-energies-propresc-mutombo-representant-de-kibali-manning\/\" title=\"Semaine fran\u00e7aise: \u00ab\u00a0la RDC peut jouer un r\u00f4le cl\u00e9 dans les cha\u00eenes de valeur mondiales li\u00e9es aux \u00e9nergies propres\u00a0\u00bb(C. Mutombo repr\u00e9sentant de Kibali Manning)\">Semaine fran\u00e7aise: \u00ab\u00a0la RDC peut jouer un r\u00f4le cl\u00e9 dans les cha\u00eenes de valeur mondiales li\u00e9es aux \u00e9nergies propres\u00a0\u00bb(C. Mutombo repr\u00e9sentant de Kibali Manning)<\/a>\r\n\t\t\t\t\t\t\t\t\t\t<\/h3>\r\n\t\t\t\t\t\t\t\t\t<\/div>\t\t\t\t\t\t\t\t\r\n\t\t\t\t\t\t\t\t\t<p>La neuvi\u00e8me \u00e9dition de la Semaine fran\u00e7aise de Kinshasa, lanc\u00e9e au Pullman Grand H\u00f4tel, met clairement en avant un objectif central : transformer le potentiel \u00e9conomique de la RDC en projets concrets gr\u00e2ce \u00e0 des ...<\/p>\r\n\t\t\t\t\t\t\t\t\t<a href=\"https:\/\/times.cd\/index.php\/2026\/04\/29\/semaine-francaise-la-rdc-peut-jouer-un-role-cle-dans-les-chaines-de-valeur-mondiales-liees-aux-energies-propresc-mutombo-representant-de-kibali-manning\/\" title=\"Read More\">\r\n\t\t\t\t\t\t\t\t\t\tRead More\t\t\t\t\t\t\t\t\t<\/a>\r\n\t\t\t\t\t\t\t\t<\/div>\r\n\t\t\t\t\t\t\t<\/div>\r\n\t\t\t\t\t\t<\/div>\r\n\t\t\t\t\t\t<\/div><!-- Row \/- -->\n\t<nav class=\"navigation pagination\" aria-label=\"Publications\">\n\t\t<h2 class=\"screen-reader-text\">Navigation des articles<\/h2>\n\t\t<div class=\"nav-links\"><span aria-current=\"page\" class=\"page-numbers current\"><span class=\"meta-nav screen-reader-text\">Page <\/span>1<\/span>\n<a class=\"page-numbers\" href=\"https:\/\/times.cd\/index.php\/wp-json\/wp\/v2\/pages\/914\/page\/2\/\"><span class=\"meta-nav screen-reader-text\">Page <\/span>2<\/a>\n<span class=\"page-numbers dots\">\u2026<\/span>\n<a class=\"page-numbers\" href=\"https:\/\/times.cd\/index.php\/wp-json\/wp\/v2\/pages\/914\/page\/395\/\"><span class=\"meta-nav screen-reader-text\">Page <\/span>395<\/a>\n<a class=\"next page-numbers\" href=\"https:\/\/times.cd\/index.php\/wp-json\/wp\/v2\/pages\/914\/page\/2\/\">Next<\/a><\/div>\n\t<\/nav>\t\t\t\t\r\n\t\t\t<\/div><!-- Container \/- -->\r\n\t\t<\/div><!-- Page Content \/- -->\r\n\t\t[\/vc_column][vc_column width=\u00a0\u00bb1\/3&Prime;][vc_widget_sidebar sidebar_id=\u00a0\u00bbsidebar-6&Prime;][\/vc_column][\/vc_row][vc_row][vc_column][\/vc_column][\/vc_row]<\/p>\n","protected":false},"excerpt":{"rendered":"<p>[vc_row type=\u00a0\u00bbcontainer\u00a0\u00bb][vc_column width=\u00a0\u00bb2\/3&Prime;][\/vc_column][vc_column width=\u00a0\u00bb1\/3&Prime;][vc_widget_sidebar sidebar_id=\u00a0\u00bbsidebar-6&Prime;][\/vc_column][\/vc_row][vc_row][vc_column][\/vc_column][\/vc_row]<\/p>\n","protected":false},"author":1,"featured_media":0,"parent":0,"menu_order":0,"comment_status":"closed","ping_status":"closed","template":"","meta":{"footnotes":""},"_links":{"self":[{"href":"https:\/\/times.cd\/index.php\/wp-json\/wp\/v2\/pages\/914"}],"collection":[{"href":"https:\/\/times.cd\/index.php\/wp-json\/wp\/v2\/pages"}],"about":[{"href":"https:\/\/times.cd\/index.php\/wp-json\/wp\/v2\/types\/page"}],"author":[{"embeddable":true,"href":"https:\/\/times.cd\/index.php\/wp-json\/wp\/v2\/users\/1"}],"replies":[{"embeddable":true,"href":"https:\/\/times.cd\/index.php\/wp-json\/wp\/v2\/comments?post=914"}],"version-history":[{"count":5,"href":"https:\/\/times.cd\/index.php\/wp-json\/wp\/v2\/pages\/914\/revisions"}],"predecessor-version":[{"id":1438,"href":"https:\/\/times.cd\/index.php\/wp-json\/wp\/v2\/pages\/914\/revisions\/1438"}],"wp:attachment":[{"href":"https:\/\/times.cd\/index.php\/wp-json\/wp\/v2\/media?parent=914"}],"curies":[{"name":"wp","href":"https:\/\/api.w.org\/{rel}","templated":true}]}}