{"id":15,"date":"2017-08-11T13:01:22","date_gmt":"2017-08-11T13:01:22","guid":{"rendered":"https:\/\/atixscripts.info\/demo\/minimag\/?page_id=15"},"modified":"2017-08-11T13:01:22","modified_gmt":"2017-08-11T13:01:22","slug":"minimag-homepage-6","status":"publish","type":"page","link":"https:\/\/times.cd\/index.php\/minimag-homepage-6\/","title":{"rendered":"Minimag Homepage 6"},"content":{"rendered":"<p>[vc_row][vc_column]\t\r\n\t<!-- Slider Section -->\r\n\t<div class=\"container-fluid no-left-padding no-right-padding slider-section slider-section2\">\r\n\t\t<div class=\"image-loader spinner-image\">\r\n\t\t\t<div class=\"spinner\">\r\n\t\t\t\t<div class=\"dot1\"><\/div>\r\n\t\t\t\t<div class=\"dot2\"><\/div>\r\n\t\t\t\t<div class=\"bounce1\"><\/div>\r\n\t\t\t\t<div class=\"bounce2\"><\/div>\r\n\t\t\t\t<div class=\"bounce3\"><\/div>\r\n\t\t\t<\/div>\r\n\t\t<\/div>\r\n\t\t<!-- Container -->\r\n\t\t<div class=\"container no-padding\">\r\n\t\t\t<div id=\"slider-carousel-2\" class=\"carousel slide\" data-ride=\"carousel\">\r\n\t\t\t\t<div class=\"carousel-inner\" role=\"listbox\">\r\n\t\t\t\t\t\t\t\t\t\t\t\t\t<div class=\"carousel-item active\">\r\n\t\t\t\t\t\t\t\t\t<div class=\"row\">\r\n\t\t\t\t\t\t\t\t\t\t<div class=\"col-lg-8 col-sm-12 post-block post-big\">\r\n\t\t\t\t\t\t\t\t\t\t\t\t\t\t\t\t\t\t<div class=\"post-box 1\">\r\n\t\t\t\t\t\t\t\t\t<img loading=\"lazy\" decoding=\"async\" width=\"770\" height=\"500\" src=\"https:\/\/times.cd\/wp-content\/uploads\/2026\/04\/1776420950828-770x500.jpg\" class=\"attachment-minimag_770_500 size-minimag_770_500 wp-post-image\" alt=\"\" srcset=\"https:\/\/times.cd\/wp-content\/uploads\/2026\/04\/1776420950828-770x500.jpg 770w, https:\/\/times.cd\/wp-content\/uploads\/2026\/04\/1776420950828-370x241.jpg 370w\" sizes=\"(max-width: 770px) 100vw, 770px\" \/>\t\t\t\t\t\t\t\t\t<div class=\"entry-content\">\r\n\t\t\t\t\t\t\t\t\t\t\t\t\t\t\t\t\t\t\t\t\t<span class=\"post-category\">\r\n\t\t\t\t\t\t\t\t\t\t\t\t<a href=\"https:\/\/times.cd\/index.php\/category\/culture\/\" rel=\"category tag\">culture<\/a>\t\t\t\t\t\t\t\t\t\t\t<\/span>\r\n\t\t\t\t\t\t\t\t\t\t\t\t\t\t\t\t\t\t\t\t\t<h3><a href=\"https:\/\/times.cd\/index.php\/2026\/04\/17\/kinshasa-quand-mike-kalambay-se-proclame-phenomene-national-et-meme-au-dela\/\" title=\"Kinshasa : quand Mike Kalambay se proclame\u2026 ph\u00e9nom\u00e8ne national (et m\u00eame au-del\u00e0)\">Kinshasa : quand Mike Kalambay se proclame\u2026 ph\u00e9nom\u00e8ne national (et m\u00eame au-del\u00e0)<\/a><\/h3>\r\n\t\t\t\t\t\t\t\t\t\t<a href=\"https:\/\/times.cd\/index.php\/2026\/04\/17\/kinshasa-quand-mike-kalambay-se-proclame-phenomene-national-et-meme-au-dela\/\" title=\"Read More\">\r\n\t\t\t\t\t\t\t\t\t\t\tRead More\t\t\t\t\t\t\t\t\t\t<\/a>\r\n\t\t\t\t\t\t\t\t\t<\/div>\r\n\t\t\t\t\t\t\t\t<\/div>\r\n\t\t\t\t\t\t\t\t<\/div> <div class=\"col-lg-4 col-sm-12 post-block post-thumb\"> \t\t\t\t\t\t\t\t<div class=\"post-box 2\">\r\n\t\t\t\t\t\t\t\t\t<img loading=\"lazy\" decoding=\"async\" width=\"396\" height=\"248\" src=\"https:\/\/times.cd\/wp-content\/uploads\/2026\/04\/IMG-20260417-WA0036-1-396x248.jpg\" class=\"attachment-minimag_396_248 size-minimag_396_248 wp-post-image\" alt=\"\" \/>\t\t\t\t\t\t\t\t\t<div class=\"entry-content\">\r\n\t\t\t\t\t\t\t\t\t\t\t\t\t\t\t\t\t\t\t\t\t<span class=\"post-category\">\r\n\t\t\t\t\t\t\t\t\t\t\t\t<a href=\"https:\/\/times.cd\/index.php\/category\/uncategorized\/\" rel=\"category tag\">Uncategorized<\/a>\t\t\t\t\t\t\t\t\t\t\t<\/span>\r\n\t\t\t\t\t\t\t\t\t\t\t\t\t\t\t\t\t\t\t\t\t<h3><a href=\"https:\/\/times.cd\/index.php\/2026\/04\/17\/kinshasa-a-gombe-la-republique-des-etalages-renversee-par-la-generale-des-trottoirs-mimi-bikela\/\" title=\"Kinshasa : \u00e0 Gombe, la \u201cR\u00e9publique des \u00e9talages\u201d renvers\u00e9e par la g\u00e9n\u00e9rale des trottoirs, Mimi Bikela\">Kinshasa : \u00e0 Gombe, la \u201cR\u00e9publique des \u00e9talages\u201d renvers\u00e9e par la g\u00e9n\u00e9rale des trottoirs, Mimi Bikela<\/a><\/h3>\r\n\t\t\t\t\t\t\t\t\t\t<a href=\"https:\/\/times.cd\/index.php\/2026\/04\/17\/kinshasa-a-gombe-la-republique-des-etalages-renversee-par-la-generale-des-trottoirs-mimi-bikela\/\" title=\"Read More\">\r\n\t\t\t\t\t\t\t\t\t\t\tRead More\t\t\t\t\t\t\t\t\t\t<\/a>\r\n\t\t\t\t\t\t\t\t\t<\/div>\r\n\t\t\t\t\t\t\t\t<\/div>\r\n\t\t\t\t\t\t\t\t\t\t\t\t\t\t\t\t<div class=\"post-box 3\">\r\n\t\t\t\t\t\t\t\t\t<img loading=\"lazy\" decoding=\"async\" width=\"396\" height=\"248\" src=\"https:\/\/times.cd\/wp-content\/uploads\/2026\/04\/IMG-20260417-WA0030-396x248.jpg\" class=\"attachment-minimag_396_248 size-minimag_396_248 wp-post-image\" alt=\"\" \/>\t\t\t\t\t\t\t\t\t<div class=\"entry-content\">\r\n\t\t\t\t\t\t\t\t\t\t\t\t\t\t\t\t\t\t\t\t\t<span class=\"post-category\">\r\n\t\t\t\t\t\t\t\t\t\t\t\t<a href=\"https:\/\/times.cd\/index.php\/category\/uncategorized\/\" rel=\"category tag\">Uncategorized<\/a>\t\t\t\t\t\t\t\t\t\t\t<\/span>\r\n\t\t\t\t\t\t\t\t\t\t\t\t\t\t\t\t\t\t\t\t\t<h3><a href=\"https:\/\/times.cd\/index.php\/2026\/04\/17\/kinshasa-quand-la-salubrite-passe-par-la-caisse\/\" title=\"Kinshasa : quand la salubrit\u00e9 passe\u2026 par la caisse\">Kinshasa : quand la salubrit\u00e9 passe\u2026 par la caisse<\/a><\/h3>\r\n\t\t\t\t\t\t\t\t\t\t<a href=\"https:\/\/times.cd\/index.php\/2026\/04\/17\/kinshasa-quand-la-salubrite-passe-par-la-caisse\/\" title=\"Read More\">\r\n\t\t\t\t\t\t\t\t\t\t\tRead More\t\t\t\t\t\t\t\t\t\t<\/a>\r\n\t\t\t\t\t\t\t\t\t<\/div>\r\n\t\t\t\t\t\t\t\t<\/div>\r\n\t\t\t\t\t\t\t\t<\/div><\/div><\/div>\t\t\t\t\t\t\t\t<div class=\"carousel-item\">\r\n\t\t\t\t\t\t\t\t\t<div class=\"row\">\r\n\t\t\t\t\t\t\t\t\t\t<div class=\"col-lg-8 col-sm-12 post-block post-big\">\r\n\t\t\t\t\t\t\t\t\t\t\t\t\t\t\t\t\t\t<div class=\"post-box 1\">\r\n\t\t\t\t\t\t\t\t\t<img loading=\"lazy\" decoding=\"async\" width=\"770\" height=\"500\" src=\"https:\/\/times.cd\/wp-content\/uploads\/2026\/04\/IMG-20260416-WA03261-770x500.jpg\" class=\"attachment-minimag_770_500 size-minimag_770_500 wp-post-image\" alt=\"\" srcset=\"https:\/\/times.cd\/wp-content\/uploads\/2026\/04\/IMG-20260416-WA03261-770x500.jpg 770w, https:\/\/times.cd\/wp-content\/uploads\/2026\/04\/IMG-20260416-WA03261-370x241.jpg 370w\" sizes=\"(max-width: 770px) 100vw, 770px\" \/>\t\t\t\t\t\t\t\t\t<div class=\"entry-content\">\r\n\t\t\t\t\t\t\t\t\t\t\t\t\t\t\t\t\t\t\t\t\t<span class=\"post-category\">\r\n\t\t\t\t\t\t\t\t\t\t\t\t<a href=\"https:\/\/times.cd\/index.php\/category\/uncategorized\/\" rel=\"category tag\">Uncategorized<\/a>\t\t\t\t\t\t\t\t\t\t\t<\/span>\r\n\t\t\t\t\t\t\t\t\t\t\t\t\t\t\t\t\t\t\t\t\t<h3><a href=\"https:\/\/times.cd\/index.php\/2026\/04\/17\/rdc-le-rcet-cps-celebre-une-entree-historique-de-la-rdc-dans-ce-cercle-tres-ferme-ou-les-milliards-circulent-plus-vite-que-les-promesses-electorales\/\" title=\"RDC : Le RCET-CPS c\u00e9l\u00e8bre une \u00ab entr\u00e9e historique \u00bb de la RDC dans ce cercle tr\u00e8s ferm\u00e9 o\u00f9 les milliards circulent plus vite que les promesses \u00e9lectorales\">RDC : Le RCET-CPS c\u00e9l\u00e8bre une \u00ab entr\u00e9e historique \u00bb de la RDC dans ce cercle tr\u00e8s ferm\u00e9 o\u00f9 les milliards circulent plus vite que les promesses \u00e9lectorales<\/a><\/h3>\r\n\t\t\t\t\t\t\t\t\t\t<a href=\"https:\/\/times.cd\/index.php\/2026\/04\/17\/rdc-le-rcet-cps-celebre-une-entree-historique-de-la-rdc-dans-ce-cercle-tres-ferme-ou-les-milliards-circulent-plus-vite-que-les-promesses-electorales\/\" title=\"Read More\">\r\n\t\t\t\t\t\t\t\t\t\t\tRead More\t\t\t\t\t\t\t\t\t\t<\/a>\r\n\t\t\t\t\t\t\t\t\t<\/div>\r\n\t\t\t\t\t\t\t\t<\/div>\r\n\t\t\t\t\t\t\t\t<\/div> <div class=\"col-lg-4 col-sm-12 post-block post-thumb\"> \t\t\t\t\t\t\t\t<div class=\"post-box 2\">\r\n\t\t\t\t\t\t\t\t\t<img loading=\"lazy\" decoding=\"async\" width=\"396\" height=\"248\" src=\"https:\/\/times.cd\/wp-content\/uploads\/2026\/04\/1776110881899-396x248.jpg\" class=\"attachment-minimag_396_248 size-minimag_396_248 wp-post-image\" alt=\"\" \/>\t\t\t\t\t\t\t\t\t<div class=\"entry-content\">\r\n\t\t\t\t\t\t\t\t\t\t\t\t\t\t\t\t\t\t\t\t\t<span class=\"post-category\">\r\n\t\t\t\t\t\t\t\t\t\t\t\t<a href=\"https:\/\/times.cd\/index.php\/category\/uncategorized\/\" rel=\"category tag\">Uncategorized<\/a>\t\t\t\t\t\t\t\t\t\t\t<\/span>\r\n\t\t\t\t\t\t\t\t\t\t\t\t\t\t\t\t\t\t\t\t\t<h3><a href=\"https:\/\/times.cd\/index.php\/2026\/04\/13\/affaire-vally-au-dela-du-crime-les-zones-dombre-qui-interpellent-la-justice-congolaise\/\" title=\"Affaire Vally : au-del\u00e0 du crime, les zones d\u2019ombre qui interpellent la justice congolaise\">Affaire Vally : au-del\u00e0 du crime, les zones d\u2019ombre qui interpellent la justice congolaise<\/a><\/h3>\r\n\t\t\t\t\t\t\t\t\t\t<a href=\"https:\/\/times.cd\/index.php\/2026\/04\/13\/affaire-vally-au-dela-du-crime-les-zones-dombre-qui-interpellent-la-justice-congolaise\/\" title=\"Read More\">\r\n\t\t\t\t\t\t\t\t\t\t\tRead More\t\t\t\t\t\t\t\t\t\t<\/a>\r\n\t\t\t\t\t\t\t\t\t<\/div>\r\n\t\t\t\t\t\t\t\t<\/div>\r\n\t\t\t\t\t\t\t\t\t\t\t\t\t\t\t\t<div class=\"post-box 3\">\r\n\t\t\t\t\t\t\t\t\t<img loading=\"lazy\" decoding=\"async\" width=\"396\" height=\"248\" src=\"https:\/\/times.cd\/wp-content\/uploads\/2026\/04\/IMG-20260413-WA01881-396x248.jpg\" class=\"attachment-minimag_396_248 size-minimag_396_248 wp-post-image\" alt=\"\" \/>\t\t\t\t\t\t\t\t\t<div class=\"entry-content\">\r\n\t\t\t\t\t\t\t\t\t\t\t\t\t\t\t\t\t\t\t\t\t<span class=\"post-category\">\r\n\t\t\t\t\t\t\t\t\t\t\t\t<a href=\"https:\/\/times.cd\/index.php\/category\/uncategorized\/\" rel=\"category tag\">Uncategorized<\/a>\t\t\t\t\t\t\t\t\t\t\t<\/span>\r\n\t\t\t\t\t\t\t\t\t\t\t\t\t\t\t\t\t\t\t\t\t<h3><a href=\"https:\/\/times.cd\/index.php\/2026\/04\/13\/gouvernance-fiscale-en-mutation-lecture-strategique-de-pierre-louis-bondoko-transformation-de-la-direction-generale-des-impots-au-coeur-de-la-modernisation-de-letat\/\" title=\"Gouvernance fiscale en mutation: \u00ab\u00a0Transformation de la Direction G\u00e9n\u00e9rale des Imp\u00f4ts au c\u0153ur de la modernisation de l\u2019\u00c9tat\u00a0\u00bb, lecture strat\u00e9gique de Pierre Louis Bondoko\">Gouvernance fiscale en mutation: \u00ab\u00a0Transformation de la Direction G\u00e9n\u00e9rale des Imp\u00f4ts au c\u0153ur de la modernisation de l\u2019\u00c9tat\u00a0\u00bb, lecture strat\u00e9gique de Pierre Louis Bondoko<\/a><\/h3>\r\n\t\t\t\t\t\t\t\t\t\t<a href=\"https:\/\/times.cd\/index.php\/2026\/04\/13\/gouvernance-fiscale-en-mutation-lecture-strategique-de-pierre-louis-bondoko-transformation-de-la-direction-generale-des-impots-au-coeur-de-la-modernisation-de-letat\/\" title=\"Read More\">\r\n\t\t\t\t\t\t\t\t\t\t\tRead More\t\t\t\t\t\t\t\t\t\t<\/a>\r\n\t\t\t\t\t\t\t\t\t<\/div>\r\n\t\t\t\t\t\t\t\t<\/div>\r\n\t\t\t\t\t\t\t\t<\/div><\/div><\/div>\t\t\t\t<\/div>\r\n\t\t\t\t<a class=\"carousel-control-prev\" href=\"#slider-carousel-2\" role=\"button\" data-slide=\"prev\">\r\n\t\t\t\t\t<span class=\"carousel-control-prev-icon\" aria-hidden=\"true\"><\/span>\r\n\t\t\t\t<\/a>\r\n\t\t\t\t<a class=\"carousel-control-next\" href=\"#slider-carousel-2\" role=\"button\" data-slide=\"next\">\r\n\t\t\t\t\t<span class=\"carousel-control-next-icon\" aria-hidden=\"true\"><\/span>\r\n\t\t\t\t<\/a>\r\n\t\t\t<\/div>\r\n\t\t<\/div><!-- Container \/- -->\r\n\t<\/div><!-- Slider Section \/- -->\r\n\t\t\r\n\t[\/vc_column][\/vc_row][vc_row spadding=\u00a0\u00bbspaddingtop\u00a0\u00bb][vc_column width=\u00a0\u00bb1\/2&Prime; offset=\u00a0\u00bbvc_col-lg-8 vc_col-md-8&Prime;]\t\t<!-- Page Content -->\r\n\t\t<div class=\"container-fluid no-left-padding no-right-padding\">\r\n\t\t\t<!-- Container -->\r\n\t\t\t<div class=\"container no-padding\">\r\n\t\t\t\t<div class=\"row\">\r\n\t\t\t\t\t\t\t\t\t\t\t\t<div class=\"col-lg-12 col-md-12 col-sm-12\">\r\n\t\t\t\t\t\t\t\t<div class=\"blog-onecolumn post-11530 post type-post status-publish format-standard has-post-thumbnail hentry category-culture\">\r\n\t\t\t\t\t\t\t\t\t\t\t\t\t\t\t\t\t\t\t\t<div class=\"entry-cover\">\r\n\t\t\t\t\t\t\t\t\t\t\t\t<div class=\"post-meta\">\r\n\t\t\t\t\t\t\t\t\t\t\t\t\t<span class=\"byline\">by\t\t\t\t\t\t\t\t\t\t\t\t\t\t<a href=\"https:\/\/times.cd\/index.php\/author\/times_cd\/\" title=\"times_cd\">times_cd<\/a>\r\n\t\t\t\t\t\t\t\t\t\t\t\t\t<\/span>\r\n\t\t\t\t\t\t\t\t\t\t\t\t\t<span class=\"post-date\">\r\n\t\t\t\t\t\t\t\t\t\t\t\t\t\t<a href=\"https:\/\/times.cd\/index.php\/2026\/04\/17\/kinshasa-quand-mike-kalambay-se-proclame-phenomene-national-et-meme-au-dela\/\">17\/04\/2026<\/a>\r\n\t\t\t\t\t\t\t\t\t\t\t\t\t<\/span>\r\n\t\t\t\t\t\t\t\t\t\t\t\t<\/div>\r\n\t\t\t\t\t\t\t\t\t\t\t\t<a href=\"https:\/\/times.cd\/index.php\/2026\/04\/17\/kinshasa-quand-mike-kalambay-se-proclame-phenomene-national-et-meme-au-dela\/\">\r\n\t\t\t\t\t\t\t\t\t\t\t\t\t<img loading=\"lazy\" decoding=\"async\" width=\"770\" height=\"513\" src=\"https:\/\/times.cd\/wp-content\/uploads\/2026\/04\/1776420950828-770x513.jpg\" class=\"attachment-minimag_770_513 size-minimag_770_513 wp-post-image\" alt=\"\" srcset=\"https:\/\/times.cd\/wp-content\/uploads\/2026\/04\/1776420950828-770x513.jpg 770w, https:\/\/times.cd\/wp-content\/uploads\/2026\/04\/1776420950828-345x230.jpg 345w, https:\/\/times.cd\/wp-content\/uploads\/2026\/04\/1776420950828-370x247.jpg 370w, https:\/\/times.cd\/wp-content\/uploads\/2026\/04\/1776420950828-440x294.jpg 440w, https:\/\/times.cd\/wp-content\/uploads\/2026\/04\/1776420950828-570x380.jpg 570w, https:\/\/times.cd\/wp-content\/uploads\/2026\/04\/1776420950828-170x113.jpg 170w\" sizes=\"(max-width: 770px) 100vw, 770px\" \/>\t\t\t\t\t\t\t\t\t\t\t\t<\/a>\r\n\t\t\t\t\t\t\t\t\t\t\t<\/div>\r\n\t\t\t\t\t\t\t\t\t\t\t\t\t\t\t\t\t\t\t\t<div class=\"entry-content\">\r\n\t\t\t\t\t\t\t\t\t\t<div class=\"entry-header\">\r\n\t\t\t\t\t\t\t\t\t\t\t\t\t\t\t\t\t\t\t\t\t\t\t<span class=\"post-category\">\r\n\t\t\t\t\t\t\t\t\t\t\t\t\t<a href=\"https:\/\/times.cd\/index.php\/category\/culture\/\" rel=\"category tag\">culture<\/a>\t\t\t\t\t\t\t\t\t\t\t\t<\/span>\r\n\t\t\t\t\t\t\t\t\t\t\t\t\t\t\t\t\t\t\t\t\t\t\t<h3 class=\"entry-title\">\r\n\t\t\t\t\t\t\t\t\t\t\t\t<a href=\"https:\/\/times.cd\/index.php\/2026\/04\/17\/kinshasa-quand-mike-kalambay-se-proclame-phenomene-national-et-meme-au-dela\/\" title=\"Kinshasa : quand Mike Kalambay se proclame\u2026 ph\u00e9nom\u00e8ne national (et m\u00eame au-del\u00e0)\">Kinshasa : quand Mike Kalambay se proclame\u2026 ph\u00e9nom\u00e8ne national (et m\u00eame au-del\u00e0)<\/a>\r\n\t\t\t\t\t\t\t\t\t\t\t<\/h3>\r\n\t\t\t\t\t\t\t\t\t\t<\/div>\t\t\t\t\t\t\t\t\r\n\t\t\t\t\t\t\t\t\t\t<p>\u00c0 Kinshasa, ville o\u00f9 m\u00eame les embouteillages ont une personnalit\u00e9, il fallait bien qu\u2019un jour quelqu\u2019un ose franchir un cap in\u00e9dit : se d\u00e9finir non pas comme un simple artiste, ni m\u00eame comme une l\u00e9gende\u2026 mais comme un ph\u00e9nom\u00e8ne. Et qui d\u2019autre que Mike Kalambay pour porter cette r\u00e9v\u00e9lation scientifique ?\n\n\n\nLors de son dernier culte transform\u00e9 pour l\u2019occasion en conf\u00e9rence internationale sur \u201cl\u2019extraordinaire dans l\u2019ordinaire\u201d, le chantre a tenu \u00e0 ...<\/p>\r\n\t\t\t\t\t\t\t\t\t\t<a href=\"https:\/\/times.cd\/index.php\/2026\/04\/17\/kinshasa-quand-mike-kalambay-se-proclame-phenomene-national-et-meme-au-dela\/\" title=\"Read More\">\r\n\t\t\t\t\t\t\t\t\t\t\tRead More\t\t\t\t\t\t\t\t\t\t<\/a>\r\n\t\t\t\t\t\t\t\t\t<\/div>\r\n\t\t\t\t\t\t\t\t<\/div>\r\n\t\t\t\t\t\t\t<\/div>\r\n\t\t\t\t\t\t\t\t\t\t\t\t\t\t<div class=\"col-lg-12 col-md-12 col-sm-12\">\r\n\t\t\t\t\t\t\t\t<div class=\"blog-onecolumn post-11522 post type-post status-publish format-standard has-post-thumbnail hentry category-uncategorized\">\r\n\t\t\t\t\t\t\t\t\t\t\t\t\t\t\t\t\t\t\t\t<div class=\"entry-cover\">\r\n\t\t\t\t\t\t\t\t\t\t\t\t<div class=\"post-meta\">\r\n\t\t\t\t\t\t\t\t\t\t\t\t\t<span class=\"byline\">by\t\t\t\t\t\t\t\t\t\t\t\t\t\t<a href=\"https:\/\/times.cd\/index.php\/author\/times_cd\/\" title=\"times_cd\">times_cd<\/a>\r\n\t\t\t\t\t\t\t\t\t\t\t\t\t<\/span>\r\n\t\t\t\t\t\t\t\t\t\t\t\t\t<span class=\"post-date\">\r\n\t\t\t\t\t\t\t\t\t\t\t\t\t\t<a href=\"https:\/\/times.cd\/index.php\/2026\/04\/17\/kinshasa-a-gombe-la-republique-des-etalages-renversee-par-la-generale-des-trottoirs-mimi-bikela\/\">17\/04\/2026<\/a>\r\n\t\t\t\t\t\t\t\t\t\t\t\t\t<\/span>\r\n\t\t\t\t\t\t\t\t\t\t\t\t<\/div>\r\n\t\t\t\t\t\t\t\t\t\t\t\t<a href=\"https:\/\/times.cd\/index.php\/2026\/04\/17\/kinshasa-a-gombe-la-republique-des-etalages-renversee-par-la-generale-des-trottoirs-mimi-bikela\/\">\r\n\t\t\t\t\t\t\t\t\t\t\t\t\t<img loading=\"lazy\" decoding=\"async\" width=\"770\" height=\"513\" src=\"https:\/\/times.cd\/wp-content\/uploads\/2026\/04\/IMG-20260417-WA0036-1-770x513.jpg\" class=\"attachment-minimag_770_513 size-minimag_770_513 wp-post-image\" alt=\"\" srcset=\"https:\/\/times.cd\/wp-content\/uploads\/2026\/04\/IMG-20260417-WA0036-1-770x513.jpg 770w, https:\/\/times.cd\/wp-content\/uploads\/2026\/04\/IMG-20260417-WA0036-1-345x230.jpg 345w, https:\/\/times.cd\/wp-content\/uploads\/2026\/04\/IMG-20260417-WA0036-1-370x247.jpg 370w, https:\/\/times.cd\/wp-content\/uploads\/2026\/04\/IMG-20260417-WA0036-1-440x294.jpg 440w, https:\/\/times.cd\/wp-content\/uploads\/2026\/04\/IMG-20260417-WA0036-1-570x380.jpg 570w, https:\/\/times.cd\/wp-content\/uploads\/2026\/04\/IMG-20260417-WA0036-1-170x113.jpg 170w\" sizes=\"(max-width: 770px) 100vw, 770px\" \/>\t\t\t\t\t\t\t\t\t\t\t\t<\/a>\r\n\t\t\t\t\t\t\t\t\t\t\t<\/div>\r\n\t\t\t\t\t\t\t\t\t\t\t\t\t\t\t\t\t\t\t\t<div class=\"entry-content\">\r\n\t\t\t\t\t\t\t\t\t\t<div class=\"entry-header\">\r\n\t\t\t\t\t\t\t\t\t\t\t\t\t\t\t\t\t\t\t\t\t\t\t<span class=\"post-category\">\r\n\t\t\t\t\t\t\t\t\t\t\t\t\t<a href=\"https:\/\/times.cd\/index.php\/category\/uncategorized\/\" rel=\"category tag\">Uncategorized<\/a>\t\t\t\t\t\t\t\t\t\t\t\t<\/span>\r\n\t\t\t\t\t\t\t\t\t\t\t\t\t\t\t\t\t\t\t\t\t\t\t<h3 class=\"entry-title\">\r\n\t\t\t\t\t\t\t\t\t\t\t\t<a href=\"https:\/\/times.cd\/index.php\/2026\/04\/17\/kinshasa-a-gombe-la-republique-des-etalages-renversee-par-la-generale-des-trottoirs-mimi-bikela\/\" title=\"Kinshasa : \u00e0 Gombe, la \u201cR\u00e9publique des \u00e9talages\u201d renvers\u00e9e par la g\u00e9n\u00e9rale des trottoirs, Mimi Bikela\">Kinshasa : \u00e0 Gombe, la \u201cR\u00e9publique des \u00e9talages\u201d renvers\u00e9e par la g\u00e9n\u00e9rale des trottoirs, Mimi Bikela<\/a>\r\n\t\t\t\t\t\t\t\t\t\t\t<\/h3>\r\n\t\t\t\t\t\t\t\t\t\t<\/div>\t\t\t\t\t\t\t\t\r\n\t\t\t\t\t\t\t\t\t\t<p>\u00c0 Gombe, il ne manquait plus qu\u2019un hymne et un drapeau pour officialiser ce que beaucoup appelaient d\u00e9j\u00e0 \u201cl\u2019\u00c9tat libre des \u00e9talages\u201d. Sur les avenues TSF et Colonel Ebeya, tomates, poissons sal\u00e9s et friperies cohabitaient dans une parfaite anarchie d\u00e9mocratique, o\u00f9 le suffrage universel se mesurait\u2026 au nombre de clients coinc\u00e9s dans les embouteillages.\n\n\n\nMais ce lundi 13 avril 2026, coup de tonnerre : la commandante sp\u00e9ciale, Mimi Bikela, cheffe redout\u00e9e ...<\/p>\r\n\t\t\t\t\t\t\t\t\t\t<a href=\"https:\/\/times.cd\/index.php\/2026\/04\/17\/kinshasa-a-gombe-la-republique-des-etalages-renversee-par-la-generale-des-trottoirs-mimi-bikela\/\" title=\"Read More\">\r\n\t\t\t\t\t\t\t\t\t\t\tRead More\t\t\t\t\t\t\t\t\t\t<\/a>\r\n\t\t\t\t\t\t\t\t\t<\/div>\r\n\t\t\t\t\t\t\t\t<\/div>\r\n\t\t\t\t\t\t\t<\/div>\r\n\t\t\t\t\t\t\t\t\t\t\t\t\t\t<div class=\"col-lg-12 col-md-12 col-sm-12\">\r\n\t\t\t\t\t\t\t\t<div class=\"blog-onecolumn post-11518 post type-post status-publish format-standard has-post-thumbnail hentry category-uncategorized\">\r\n\t\t\t\t\t\t\t\t\t\t\t\t\t\t\t\t\t\t\t\t<div class=\"entry-cover\">\r\n\t\t\t\t\t\t\t\t\t\t\t\t<div class=\"post-meta\">\r\n\t\t\t\t\t\t\t\t\t\t\t\t\t<span class=\"byline\">by\t\t\t\t\t\t\t\t\t\t\t\t\t\t<a href=\"https:\/\/times.cd\/index.php\/author\/times_cd\/\" title=\"times_cd\">times_cd<\/a>\r\n\t\t\t\t\t\t\t\t\t\t\t\t\t<\/span>\r\n\t\t\t\t\t\t\t\t\t\t\t\t\t<span class=\"post-date\">\r\n\t\t\t\t\t\t\t\t\t\t\t\t\t\t<a href=\"https:\/\/times.cd\/index.php\/2026\/04\/17\/kinshasa-quand-la-salubrite-passe-par-la-caisse\/\">17\/04\/2026<\/a>\r\n\t\t\t\t\t\t\t\t\t\t\t\t\t<\/span>\r\n\t\t\t\t\t\t\t\t\t\t\t\t<\/div>\r\n\t\t\t\t\t\t\t\t\t\t\t\t<a href=\"https:\/\/times.cd\/index.php\/2026\/04\/17\/kinshasa-quand-la-salubrite-passe-par-la-caisse\/\">\r\n\t\t\t\t\t\t\t\t\t\t\t\t\t<img loading=\"lazy\" decoding=\"async\" width=\"770\" height=\"513\" src=\"https:\/\/times.cd\/wp-content\/uploads\/2026\/04\/IMG-20260417-WA0030-770x513.jpg\" class=\"attachment-minimag_770_513 size-minimag_770_513 wp-post-image\" alt=\"\" srcset=\"https:\/\/times.cd\/wp-content\/uploads\/2026\/04\/IMG-20260417-WA0030-770x513.jpg 770w, https:\/\/times.cd\/wp-content\/uploads\/2026\/04\/IMG-20260417-WA0030-300x200.jpg 300w, https:\/\/times.cd\/wp-content\/uploads\/2026\/04\/IMG-20260417-WA0030-1024x682.jpg 1024w, https:\/\/times.cd\/wp-content\/uploads\/2026\/04\/IMG-20260417-WA0030-768x511.jpg 768w, https:\/\/times.cd\/wp-content\/uploads\/2026\/04\/IMG-20260417-WA0030-345x230.jpg 345w, https:\/\/times.cd\/wp-content\/uploads\/2026\/04\/IMG-20260417-WA0030-370x247.jpg 370w, https:\/\/times.cd\/wp-content\/uploads\/2026\/04\/IMG-20260417-WA0030-440x294.jpg 440w, https:\/\/times.cd\/wp-content\/uploads\/2026\/04\/IMG-20260417-WA0030-570x380.jpg 570w, https:\/\/times.cd\/wp-content\/uploads\/2026\/04\/IMG-20260417-WA0030-170x113.jpg 170w, https:\/\/times.cd\/wp-content\/uploads\/2026\/04\/IMG-20260417-WA0030.jpg 1080w\" sizes=\"(max-width: 770px) 100vw, 770px\" \/>\t\t\t\t\t\t\t\t\t\t\t\t<\/a>\r\n\t\t\t\t\t\t\t\t\t\t\t<\/div>\r\n\t\t\t\t\t\t\t\t\t\t\t\t\t\t\t\t\t\t\t\t<div class=\"entry-content\">\r\n\t\t\t\t\t\t\t\t\t\t<div class=\"entry-header\">\r\n\t\t\t\t\t\t\t\t\t\t\t\t\t\t\t\t\t\t\t\t\t\t\t<span class=\"post-category\">\r\n\t\t\t\t\t\t\t\t\t\t\t\t\t<a href=\"https:\/\/times.cd\/index.php\/category\/uncategorized\/\" rel=\"category tag\">Uncategorized<\/a>\t\t\t\t\t\t\t\t\t\t\t\t<\/span>\r\n\t\t\t\t\t\t\t\t\t\t\t\t\t\t\t\t\t\t\t\t\t\t\t<h3 class=\"entry-title\">\r\n\t\t\t\t\t\t\t\t\t\t\t\t<a href=\"https:\/\/times.cd\/index.php\/2026\/04\/17\/kinshasa-quand-la-salubrite-passe-par-la-caisse\/\" title=\"Kinshasa : quand la salubrit\u00e9 passe\u2026 par la caisse\">Kinshasa : quand la salubrit\u00e9 passe\u2026 par la caisse<\/a>\r\n\t\t\t\t\t\t\t\t\t\t\t<\/h3>\r\n\t\t\t\t\t\t\t\t\t\t<\/div>\t\t\t\t\t\t\t\t\r\n\t\t\t\t\t\t\t\t\t\t<p>\u00c0 Kinshasa, on ne balaie plus seulement les rues, on balaie aussi\u2026 les portefeuilles. \"H\u00f4tel de Ville et la F\u00e9d\u00e9ration des Entreprises du Congo (FEC) ont sign\u00e9 une nouvelle convention pour \u201cassainir\" la capitale comprenez : une taxe de plus, mais avec de bonnes intentions bien emball\u00e9es.\n\n\n\nSous la houlette du gouverneur Daniel Bumba Lubaki et du patron des patrons Robert Malumba Kalombo, l\u2019accord promet transparence, d\u00e9veloppement et propret\u00e9.\n\n\n\n\n\n\n\n\n\nSur papier, Kinshasa ...<\/p>\r\n\t\t\t\t\t\t\t\t\t\t<a href=\"https:\/\/times.cd\/index.php\/2026\/04\/17\/kinshasa-quand-la-salubrite-passe-par-la-caisse\/\" title=\"Read More\">\r\n\t\t\t\t\t\t\t\t\t\t\tRead More\t\t\t\t\t\t\t\t\t\t<\/a>\r\n\t\t\t\t\t\t\t\t\t<\/div>\r\n\t\t\t\t\t\t\t\t<\/div>\r\n\t\t\t\t\t\t\t<\/div>\r\n\t\t\t\t\t\t\t<\/div>\n\t<nav class=\"navigation pagination\" aria-label=\"Publications\">\n\t\t<h2 class=\"screen-reader-text\">Navigation des articles<\/h2>\n\t\t<div class=\"nav-links\"><span aria-current=\"page\" class=\"page-numbers current\"><span class=\"meta-nav screen-reader-text\">Page <\/span>1<\/span>\n<a class=\"page-numbers\" href=\"https:\/\/times.cd\/index.php\/wp-json\/wp\/v2\/pages\/15\/page\/2\/\"><span class=\"meta-nav screen-reader-text\">Page <\/span>2<\/a>\n<span class=\"page-numbers dots\">\u2026<\/span>\n<a class=\"page-numbers\" href=\"https:\/\/times.cd\/index.php\/wp-json\/wp\/v2\/pages\/15\/page\/787\/\"><span class=\"meta-nav screen-reader-text\">Page <\/span>787<\/a>\n<a class=\"next page-numbers\" href=\"https:\/\/times.cd\/index.php\/wp-json\/wp\/v2\/pages\/15\/page\/2\/\">Next<\/a><\/div>\n\t<\/nav>\t\t\t<\/div><!-- Container \/- -->\r\n\t\t<\/div><!-- Page Content \/- -->\r\n\t\t[\/vc_column][vc_column width=\u00a0\u00bb1\/2&Prime; offset=\u00a0\u00bbvc_col-lg-4 vc_col-md-4&Prime;][vc_widget_sidebar sidebar_id=\u00a0\u00bbsidebar-4&Prime;][\/vc_column][\/vc_row]<\/p>\n","protected":false},"excerpt":{"rendered":"<p>[vc_row][vc_column][\/vc_column][\/vc_row][vc_row spadding=\u00a0\u00bbspaddingtop\u00a0\u00bb][vc_column width=\u00a0\u00bb1\/2&Prime; offset=\u00a0\u00bbvc_col-lg-8 vc_col-md-8&Prime;][\/vc_column][vc_column width=\u00a0\u00bb1\/2&Prime; offset=\u00a0\u00bbvc_col-lg-4 vc_col-md-4&Prime;][vc_widget_sidebar sidebar_id=\u00a0\u00bbsidebar-4&Prime;][\/vc_column][\/vc_row]<\/p>\n","protected":false},"author":1,"featured_media":0,"parent":0,"menu_order":0,"comment_status":"closed","ping_status":"closed","template":"","meta":{"footnotes":""},"_links":{"self":[{"href":"https:\/\/times.cd\/index.php\/wp-json\/wp\/v2\/pages\/15"}],"collection":[{"href":"https:\/\/times.cd\/index.php\/wp-json\/wp\/v2\/pages"}],"about":[{"href":"https:\/\/times.cd\/index.php\/wp-json\/wp\/v2\/types\/page"}],"author":[{"embeddable":true,"href":"https:\/\/times.cd\/index.php\/wp-json\/wp\/v2\/users\/1"}],"replies":[{"embeddable":true,"href":"https:\/\/times.cd\/index.php\/wp-json\/wp\/v2\/comments?post=15"}],"version-history":[{"count":0,"href":"https:\/\/times.cd\/index.php\/wp-json\/wp\/v2\/pages\/15\/revisions"}],"wp:attachment":[{"href":"https:\/\/times.cd\/index.php\/wp-json\/wp\/v2\/media?parent=15"}],"curies":[{"name":"wp","href":"https:\/\/api.w.org\/{rel}","templated":true}]}}